{"id":7,"date":"2011-12-07T19:41:03","date_gmt":"2011-12-07T19:41:03","guid":{"rendered":"http:\/\/herzpartie.de\/?page_id=7"},"modified":"2022-02-18T13:22:38","modified_gmt":"2022-02-18T13:22:38","slug":"kontakt","status":"publish","type":"page","link":"https:\/\/herzpartie.de\/?page_id=7","title":{"rendered":"Kontakt"},"content":{"rendered":"<p><em><strong>\u00a0\u201eWas nicht aus dem Herzen kommt, geht nicht ins Herz hinein.\u201c\u00a0\u00a0 <\/strong><\/em><br \/>\n<em><strong>(Alfred de Musset)<\/strong><\/em><\/p>\n<p>Wir helfen Ihnen gerne bei der Auswahl einer unterst\u00fctzungswerten oder hilfsbed\u00fcrftigen Einrichtung.<\/p>\n<p>Sie k\u00f6nnen wahlweise offiziell als Spender auftreten, oder auch anonym bleiben. In beiden F\u00e4llen bekommen Sie eine genaue Dokumentation Ihrer pers\u00f6nlichen Spende in Form von Fotos und Presseberichten, sowie genaue Daten zu Ansprechpartnern und eine Spendenquittung. Unsere Aufgabe besteht darin, f\u00fcr Sie einen direkten Kontakt zu der jeweiligen Einrichtung herzustellen, an die die Spendensumme \u00fcberwiesen werden soll.<\/p>\n<p>Sollten Sie eine Einrichtung kennen, die in Ihren Augen dringend Hilfe braucht, dann kontaktieren Sie uns <a href=\"mailto:info@herzpartie.de\">info@herzpartie.de<\/a>.<\/p>\n<p>Wir versprechen von Herzen tatkr\u00e4ftige Hilfe!<\/p>\n<h3 style=\"padding-left: 30px;\"><strong><span style=\"color: #800000;\">Spendenkonto:<\/span><\/strong><\/h3>\n<h3 style=\"padding-left: 30px;\"><strong><span style=\"color: #800000;\">Empf\u00e4nger:\u00a0\u00a0\u00a0\u00a0\u00a0\u00a0\u00a0\u00a0\u00a0\u00a0\u00a0\u00a0<em>Herzpartie e.V.<\/em><\/span><\/strong><\/h3>\n<h3 style=\"padding-left: 30px;\"><strong><span style=\"color: #800000;\">IBAN: \u00a0 \u00a0 \u00a0 \u00a0 \u00a0 \u00a0 \u00a0 \u00a0 \u00a0 \u00a0 \u00a0 \u00a0DE82 7015 0000 1002 1586 55<\/span><\/strong><\/h3>\n<h3 style=\"padding-left: 30px;\"><strong><span style=\"color: #800000;\">BIC: \u00a0 \u00a0 \u00a0 \u00a0 \u00a0 \u00a0 \u00a0 \u00a0 \u00a0 \u00a0 \u00a0 \u00a0 \u00a0 \u00a0SSKMDEMMXXX<\/span><\/strong><\/h3>\n<h3 style=\"padding-left: 30px;\"><strong><span style=\"color: #800000;\">Institut: \u00a0 \u00a0 \u00a0 \u00a0 \u00a0 \u00a0 \u00a0 \u00a0 \u00a0 Stadtsparkasse M\u00fcnchen<\/span><\/strong><\/h3>\n","protected":false},"excerpt":{"rendered":"<p>\u00a0\u201eWas nicht aus dem Herzen kommt, geht nicht ins Herz hinein.\u201c\u00a0\u00a0 (Alfred de Musset) Wir helfen Ihnen gerne bei der Auswahl einer unterst\u00fctzungswerten oder hilfsbed\u00fcrftigen Einrichtung. Sie k\u00f6nnen wahlweise offiziell als Spender auftreten, oder auch anonym bleiben. In beiden F\u00e4llen bekommen Sie eine genaue Dokumentation Ihrer pers\u00f6nlichen Spende in Form von Fotos und Presseberichten, sowie [&hellip;]<\/p>\n","protected":false},"author":1,"featured_media":0,"parent":0,"menu_order":0,"comment_status":"open","ping_status":"open","template":"","meta":[],"_links":{"self":[{"href":"https:\/\/herzpartie.de\/index.php?rest_route=\/wp\/v2\/pages\/7"}],"collection":[{"href":"https:\/\/herzpartie.de\/index.php?rest_route=\/wp\/v2\/pages"}],"about":[{"href":"https:\/\/herzpartie.de\/index.php?rest_route=\/wp\/v2\/types\/page"}],"author":[{"embeddable":true,"href":"https:\/\/herzpartie.de\/index.php?rest_route=\/wp\/v2\/users\/1"}],"replies":[{"embeddable":true,"href":"https:\/\/herzpartie.de\/index.php?rest_route=%2Fwp%2Fv2%2Fcomments&post=7"}],"version-history":[{"count":25,"href":"https:\/\/herzpartie.de\/index.php?rest_route=\/wp\/v2\/pages\/7\/revisions"}],"predecessor-version":[{"id":293,"href":"https:\/\/herzpartie.de\/index.php?rest_route=\/wp\/v2\/pages\/7\/revisions\/293"}],"wp:attachment":[{"href":"https:\/\/herzpartie.de\/index.php?rest_route=%2Fwp%2Fv2%2Fmedia&parent=7"}],"curies":[{"name":"wp","href":"https:\/\/api.w.org\/{rel}","templated":true}]}}