{"id":2,"date":"2011-12-07T19:38:32","date_gmt":"2011-12-07T19:38:32","guid":{"rendered":"http:\/\/herzpartie.de\/?page_id=2"},"modified":"2012-02-15T10:35:01","modified_gmt":"2012-02-15T10:35:01","slug":"beispiel-seite","status":"publish","type":"page","link":"https:\/\/herzpartie.de\/","title":{"rendered":"Herzpartie &#8211; Teil von etwas Gutem sein!"},"content":{"rendered":"<p>Herzpartie e.V. hat es sich zur Aufgabe gemacht engagierte Menschen und deren Einrichtungen zu unterst\u00fctzen.<br \/>\nIhre Spende und unser Engagement soll direkt dort ankommen, wo Gutes geschieht, wo Mitmenschen sich gegenseitig helfen.<br \/>\nWir sehen uns dabei als Botschafter Ihres Mitgef\u00fchls und garantieren pers\u00f6nlich daf\u00fcr, dass Ihre Spende ankommt, wo Hilfe und Unterst\u00fctzung gefragt ist.<br \/>\nJeder Spender bekommt von uns eine Liste der aktuell unterst\u00fctzten Projekte \u00fcbermittelt und kann sich dann entscheiden, wo sein Geld am sinnvollsten gebraucht wird oder seiner Ansicht nach den gr\u00f6\u00dften Effekt erzielt. Zum Teil sind die Aktionen schon angelaufen und haben, zur Zufriedenheit der Spender, zu gro\u00dfen Erfolgen gef\u00fchrt. Bitte schauen Sie sich hierzu die Rubrik <a title=\"Aktionen\" href=\"http:\/\/herzpartie.de\/?page_id=5\">&#8222;Aktionen&#8220;<\/a> an.\u00a0<\/p>\n<p>Zu jedem Projekt haben wir einen pers\u00f6nlichen Bezug und k\u00f6nnen daher durch den intensiven Kontakt garantieren, dass kein Geld in Verwaltungsm\u00fchlen zerrieben wird, sondern ohne Abstriche am Zielort ankommt. Die Zielgruppe der von uns unterst\u00fctzten Projekte wurde bewusst nicht definiert. Sie ist m\u00f6glichst vielseitig und breit angelegt. Auf unserer Liste finden sich Hilfsprojekte aus dem Bereich Jugend, Familie, Senioren, Kultur &amp; Brauchtum, Sport.<\/p>\n<p>Sollten Sie Fragen oder Anregungen haben, klicken Sie bitte auf die Rubrik <a title=\"Kontakt\" href=\"http:\/\/herzpartie.de\/?page_id=7\">&#8222;Kontakt&#8220;.<br \/>\n<\/a><br \/>\nGemeinsam k\u00f6nnen wir Vieles noch besser machen!<\/p>\n<p>Ihr<br \/>\nAndreas Scheuer<br \/>\n1. Vorsitzender, Herzpartie e.V.<\/p>\n","protected":false},"excerpt":{"rendered":"<p>Herzpartie e.V. hat es sich zur Aufgabe gemacht engagierte Menschen und deren Einrichtungen zu unterst\u00fctzen. Ihre Spende und unser Engagement soll direkt dort ankommen, wo Gutes geschieht, wo Mitmenschen sich gegenseitig helfen. Wir sehen uns dabei als Botschafter Ihres Mitgef\u00fchls und garantieren pers\u00f6nlich daf\u00fcr, dass Ihre Spende ankommt, wo Hilfe und Unterst\u00fctzung gefragt ist. Jeder [&hellip;]<\/p>\n","protected":false},"author":1,"featured_media":0,"parent":0,"menu_order":0,"comment_status":"open","ping_status":"open","template":"","meta":[],"_links":{"self":[{"href":"https:\/\/herzpartie.de\/index.php?rest_route=\/wp\/v2\/pages\/2"}],"collection":[{"href":"https:\/\/herzpartie.de\/index.php?rest_route=\/wp\/v2\/pages"}],"about":[{"href":"https:\/\/herzpartie.de\/index.php?rest_route=\/wp\/v2\/types\/page"}],"author":[{"embeddable":true,"href":"https:\/\/herzpartie.de\/index.php?rest_route=\/wp\/v2\/users\/1"}],"replies":[{"embeddable":true,"href":"https:\/\/herzpartie.de\/index.php?rest_route=%2Fwp%2Fv2%2Fcomments&post=2"}],"version-history":[{"count":44,"href":"https:\/\/herzpartie.de\/index.php?rest_route=\/wp\/v2\/pages\/2\/revisions"}],"predecessor-version":[{"id":34,"href":"https:\/\/herzpartie.de\/index.php?rest_route=\/wp\/v2\/pages\/2\/revisions\/34"}],"wp:attachment":[{"href":"https:\/\/herzpartie.de\/index.php?rest_route=%2Fwp%2Fv2%2Fmedia&parent=2"}],"curies":[{"name":"wp","href":"https:\/\/api.w.org\/{rel}","templated":true}]}}