{"id":9,"date":"2011-12-07T19:41:13","date_gmt":"2011-12-07T19:41:13","guid":{"rendered":"http:\/\/herzpartie.de\/?page_id=9"},"modified":"2013-08-31T10:38:30","modified_gmt":"2013-08-31T10:38:30","slug":"impressum","status":"publish","type":"page","link":"http:\/\/herzpartie.de\/?page_id=9","title":{"rendered":"Impressum"},"content":{"rendered":"<p>verantwortlich f\u00fcr den Inhalt:<\/p>\n<p>Herzpartie e.V.\u00a0<br \/>\nVornholzstr. 115<br \/>\nD-94036 Passau<br \/>\n<a href=\"mailto:info@herzpartie.de\">info@herzpartie.de<\/a><\/p>\n<p><strong>Vorstand:<\/strong><br \/>\nAndreas Scheuer, 1. Vorsitzender<br \/>\nSabine Scheuer, 2. Vorsitzende<br \/>\nChristian Geistd\u00f6rfer, Schatzmeister<\/p>\n<p>Tel. 030 227 73 119<br \/>\nFax 030 227 76 119<\/p>\n<p>Vereinsregister 200440<\/p>\n<p>Haftungshinweis:<br \/>\nDiese Website wurde mit gr\u00f6\u00dftm\u00f6glicher Sorgfalt erstellt.<br \/>\nTrotzdem kann keine Gew\u00e4hr f\u00fcr die Fehlerfreiheit und Genauigkeit der enthaltenen Informationen \u00fcbernommen werden. Jegliche Haftung f\u00fcr Sch\u00e4den, die direkt oder indirekt aus der Benutzung dieser Website entstehen, wird ausgeschlossen, soweit diese nicht auf Vorsatz oder grober Fahrl\u00e4ssigkeit beruhen.<br \/>\nSofern von dieser Website auf Internetseiten verwiesen wird, die von Dritten betrieben werden, \u00fcbernehmen wir keine Verantwortung f\u00fcr deren Inhalte.<br \/>\nDie Internetpr\u00e4sentation kann jederzeit ver\u00e4ndert oder gel\u00f6scht werden.<\/p>\n<p>Umsetzung: lumini \u2013 Agentur f\u00fcr Werbung. Passau.<\/p>\n","protected":false},"excerpt":{"rendered":"<p>verantwortlich f\u00fcr den Inhalt: Herzpartie e.V.\u00a0 Vornholzstr. 115 D-94036 Passau info@herzpartie.de Vorstand: Andreas Scheuer, 1. Vorsitzender Sabine Scheuer, 2. Vorsitzende Christian Geistd\u00f6rfer, Schatzmeister Tel. 030 227 73 119 Fax 030 227 76 119 Vereinsregister 200440 Haftungshinweis: Diese Website wurde mit gr\u00f6\u00dftm\u00f6glicher Sorgfalt erstellt. Trotzdem kann keine Gew\u00e4hr f\u00fcr die Fehlerfreiheit und Genauigkeit der enthaltenen Informationen [&hellip;]<\/p>\n","protected":false},"author":1,"featured_media":0,"parent":0,"menu_order":0,"comment_status":"open","ping_status":"open","template":"","meta":[],"_links":{"self":[{"href":"http:\/\/herzpartie.de\/index.php?rest_route=\/wp\/v2\/pages\/9"}],"collection":[{"href":"http:\/\/herzpartie.de\/index.php?rest_route=\/wp\/v2\/pages"}],"about":[{"href":"http:\/\/herzpartie.de\/index.php?rest_route=\/wp\/v2\/types\/page"}],"author":[{"embeddable":true,"href":"http:\/\/herzpartie.de\/index.php?rest_route=\/wp\/v2\/users\/1"}],"replies":[{"embeddable":true,"href":"http:\/\/herzpartie.de\/index.php?rest_route=%2Fwp%2Fv2%2Fcomments&post=9"}],"version-history":[{"count":15,"href":"http:\/\/herzpartie.de\/index.php?rest_route=\/wp\/v2\/pages\/9\/revisions"}],"predecessor-version":[{"id":176,"href":"http:\/\/herzpartie.de\/index.php?rest_route=\/wp\/v2\/pages\/9\/revisions\/176"}],"wp:attachment":[{"href":"http:\/\/herzpartie.de\/index.php?rest_route=%2Fwp%2Fv2%2Fmedia&parent=9"}],"curies":[{"name":"wp","href":"https:\/\/api.w.org\/{rel}","templated":true}]}}